{"id":251869,"date":"2024-12-16T21:54:35","date_gmt":"2024-12-16T21:54:35","guid":{"rendered":"https:\/\/colouredconfidence.com\/toode\/true-autumn\/"},"modified":"2026-04-02T17:06:13","modified_gmt":"2026-04-02T17:06:13","slug":"true-autumn","status":"publish","type":"product","link":"https:\/\/colouredconfidence.com\/et\/toode\/true-autumn\/","title":{"rendered":"True Autumn"},"content":{"rendered":"<p>[et_pb_section fb_built=&#8221;1&#8243; _builder_version=&#8221;4.16&#8243; custom_padding=&#8221;0px||||false|false&#8221; global_colors_info=&#8221;{}&#8221;][et_pb_row _builder_version=&#8221;4.16&#8243; background_size=&#8221;initial&#8221; background_position=&#8221;top_left&#8221; background_repeat=&#8221;repeat&#8221; width=&#8221;100%&#8221; custom_padding=&#8221;0px||0px||false|false&#8221; global_colors_info=&#8221;{}&#8221;][et_pb_column type=&#8221;4_4&#8243; _builder_version=&#8221;4.16&#8243; custom_padding=&#8221;|||&#8221; pac_dcm_carousel_specific_module_num=&#8221;0&#8243; global_colors_info=&#8221;{}&#8221; custom_padding__hover=&#8221;|||&#8221;][et_pb_wc_breadcrumb _builder_version=&#8221;4.16&#8243; global_colors_info=&#8221;{}&#8221;][\/et_pb_wc_breadcrumb][et_pb_wc_cart_notice _builder_version=&#8221;4.16&#8243; global_colors_info=&#8221;{}&#8221;][\/et_pb_wc_cart_notice][\/et_pb_column][\/et_pb_row][et_pb_row column_structure=&#8221;1_2,1_2&#8243; _builder_version=&#8221;4.16&#8243; background_size=&#8221;initial&#8221; background_position=&#8221;top_left&#8221; background_repeat=&#8221;repeat&#8221; width=&#8221;100%&#8221; custom_padding=&#8221;0px||||false|false&#8221; global_colors_info=&#8221;{}&#8221;][et_pb_column type=&#8221;1_2&#8243; _builder_version=&#8221;4.16&#8243; custom_padding=&#8221;|||&#8221; pac_dcm_carousel_specific_module_num=&#8221;0&#8243; global_colors_info=&#8221;{}&#8221; custom_padding__hover=&#8221;|||&#8221;][et_pb_wc_images _builder_version=&#8221;4.16&#8243; global_colors_info=&#8221;{}&#8221;][\/et_pb_wc_images][\/et_pb_column][et_pb_column type=&#8221;1_2&#8243; _builder_version=&#8221;4.16&#8243; custom_padding=&#8221;|||&#8221; pac_dcm_carousel_specific_module_num=&#8221;0&#8243; global_colors_info=&#8221;{}&#8221; custom_padding__hover=&#8221;|||&#8221;][et_pb_wc_title _builder_version=&#8221;4.16&#8243; global_colors_info=&#8221;{}&#8221;][\/et_pb_wc_title][et_pb_wc_rating _builder_version=&#8221;4.16&#8243; global_colors_info=&#8221;{}&#8221;][\/et_pb_wc_rating][et_pb_wc_price _builder_version=&#8221;4.16&#8243; global_colors_info=&#8221;{}&#8221;][\/et_pb_wc_price][et_pb_wc_description _builder_version=&#8221;4.16&#8243; global_colors_info=&#8221;{}&#8221;][\/et_pb_wc_description][et_pb_wc_add_to_cart _builder_version=&#8221;4.16&#8243; global_colors_info=&#8221;{}&#8221;][\/et_pb_wc_add_to_cart][et_pb_wc_meta _builder_version=&#8221;4.16&#8243; global_colors_info=&#8221;{}&#8221;][\/et_pb_wc_meta][\/et_pb_column][\/et_pb_row][et_pb_row _builder_version=&#8221;4.16&#8243; background_size=&#8221;initial&#8221; background_position=&#8221;top_left&#8221; background_repeat=&#8221;repeat&#8221; width=&#8221;100%&#8221; global_colors_info=&#8221;{}&#8221;][et_pb_column type=&#8221;4_4&#8243; _builder_version=&#8221;4.16&#8243; custom_padding=&#8221;|||&#8221; pac_dcm_carousel_specific_module_num=&#8221;0&#8243; global_colors_info=&#8221;{}&#8221; custom_padding__hover=&#8221;|||&#8221;][et_pb_wc_tabs _builder_version=&#8221;4.16&#8243; global_colors_info=&#8221;{}&#8221;]\t\t\t\t\t[\/et_pb_wc_tabs][et_pb_wc_upsells _builder_version=&#8221;4.16&#8243; global_colors_info=&#8221;{}&#8221;][\/et_pb_wc_upsells][et_pb_wc_related_products _builder_version=&#8221;4.16&#8243; global_colors_info=&#8221;{}&#8221;][\/et_pb_wc_related_products][\/et_pb_column][\/et_pb_row][\/et_pb_section]<\/p>\n","protected":false},"excerpt":{"rendered":"<p>True Autumn (16 hooaja s\u00fcsteem) digitaalne v\u00e4rvipalett, digitaalne v\u00e4rvilehvik, digitoote allalaadimine digitaalseks kasutamiseks<\/p>\n","protected":false},"featured_media":251306,"comment_status":"open","ping_status":"closed","template":"","meta":{"_et_pb_use_builder":"on","_et_pb_old_content":"Muuda oma garderoobi- ja meigivalikud vaevatuks meie True Autumn digitaalse v\u00e4rvipaletiga.\n\n<strong>Meie digitaalne palett sisaldab:<\/strong>\n\n- 30 v\u00e4rvi hooajalisest paletist\n- meigiv\u00e4rvide soovitused\n- parimad metalli- ja ehtesoovitused.\n\nMeie lihtsasti kasutatava PDF-failiga saad kiiresti kontrollida v\u00e4rvide sobivust, asetades paleti ostetavate esemete juurde. See s\u00e4\u00e4stab osteldes aega ja v\u00e4ldib asjatut peavalu. \n\nPane t\u00e4hele, et see toode ei m\u00e4\u00e4ra sinu v\u00e4rvit\u00fc\u00fcpi. Kui sa pole kindel, pakume professionaalset v\u00e4rvianal\u00fc\u00fcsi teenust \u2013 tutvu meie pakkumisega siin. \n\nSaa kohene ligip\u00e4\u00e4s True Autumn digitaalsele v\u00e4rvipaletile ja hakka juba t\u00e4na enesekindlalt ostlema!\n\n<strong>Kasutustingimused<\/strong>\n\n1) See on digitaalne ost ja sa m\u00f5istad, et ostetud toode saadetakse sulle PDF-manusena e-posti teel. Sa m\u00f5istad, et f\u00fc\u00fcsilist toodet sulle ei tarnita.\n2) K\u00f5ik m\u00fc\u00fcgid on l\u00f5plikud \u2013 me ei paku tagasimakseid. ","_et_gb_content_width":""},"product_brand":[],"product_cat":[49],"product_tag":[],"class_list":{"0":"post-251869","1":"product","2":"type-product","3":"status-publish","4":"has-post-thumbnail","6":"product_cat-varvipalett","8":"first","9":"instock","10":"downloadable","11":"virtual","12":"purchasable","13":"product-type-simple"},"bundled_by":[],"bundle_stock_status":"instock","bundle_stock_quantity":null,"bundle_virtual":false,"bundle_layout":"","bundle_add_to_cart_form_location":"","bundle_editable_in_cart":false,"bundle_sold_individually_context":"","bundle_item_grouping":"","bundle_min_size":"","bundle_max_size":"","bundle_price":[],"bundled_items":[],"bundle_sell_ids":[],"aioseo_notices":[],"_links":{"self":[{"href":"https:\/\/colouredconfidence.com\/et\/wp-json\/wp\/v2\/product\/251869","targetHints":{"allow":["GET"]}}],"collection":[{"href":"https:\/\/colouredconfidence.com\/et\/wp-json\/wp\/v2\/product"}],"about":[{"href":"https:\/\/colouredconfidence.com\/et\/wp-json\/wp\/v2\/types\/product"}],"replies":[{"embeddable":true,"href":"https:\/\/colouredconfidence.com\/et\/wp-json\/wp\/v2\/comments?post=251869"}],"wp:featuredmedia":[{"embeddable":true,"href":"https:\/\/colouredconfidence.com\/et\/wp-json\/wp\/v2\/media\/251306"}],"wp:attachment":[{"href":"https:\/\/colouredconfidence.com\/et\/wp-json\/wp\/v2\/media?parent=251869"}],"wp:term":[{"taxonomy":"product_brand","embeddable":true,"href":"https:\/\/colouredconfidence.com\/et\/wp-json\/wp\/v2\/product_brand?post=251869"},{"taxonomy":"product_cat","embeddable":true,"href":"https:\/\/colouredconfidence.com\/et\/wp-json\/wp\/v2\/product_cat?post=251869"},{"taxonomy":"product_tag","embeddable":true,"href":"https:\/\/colouredconfidence.com\/et\/wp-json\/wp\/v2\/product_tag?post=251869"}],"curies":[{"name":"wp","href":"https:\/\/api.w.org\/{rel}","templated":true}]}}