{"id":251609,"date":"2024-12-15T19:15:17","date_gmt":"2024-12-15T19:15:17","guid":{"rendered":"https:\/\/colouredconfidence.com\/logi-sisse\/"},"modified":"2026-04-02T10:12:53","modified_gmt":"2026-04-02T10:12:53","slug":"logi-sisse","status":"publish","type":"page","link":"https:\/\/colouredconfidence.com\/et\/logi-sisse\/","title":{"rendered":"Logi sisse"},"content":{"rendered":"<p>[et_pb_section fb_built=&#8221;1&#8243; _builder_version=&#8221;4.27.4&#8243; _module_preset=&#8221;default&#8221; background_color=&#8221;#f2e9dd&#8221; global_colors_info=&#8221;{}&#8221;][et_pb_row _builder_version=&#8221;4.27.4&#8243; _module_preset=&#8221;default&#8221; custom_padding=&#8221;2%||||false|false&#8221; global_colors_info=&#8221;{}&#8221;][et_pb_column type=&#8221;4_4&#8243; _builder_version=&#8221;4.27.4&#8243; _module_preset=&#8221;default&#8221; pac_dcm_carousel_specific_module_num=&#8221;0&#8243; global_colors_info=&#8221;{}&#8221;][et_pb_text _builder_version=&#8221;4.27.4&#8243; _module_preset=&#8221;default&#8221; text_font=&#8221;Fields Display Bold|||on|||||&#8221; text_text_color=&#8221;#7c8668&#8243; text_font_size=&#8221;41px&#8221; text_orientation=&#8221;center&#8221; hover_enabled=&#8221;0&#8243; global_colors_info=&#8221;{}&#8221; text_line_height=&#8221;1.1em&#8221; sticky_enabled=&#8221;0&#8243;]<\/p>\n<p>Logi oma kontole sisse<\/p>\n<p>[\/et_pb_text][\/et_pb_column][\/et_pb_row][et_pb_row _builder_version=&#8221;4.27.4&#8243; _module_preset=&#8221;default&#8221; global_colors_info=&#8221;{}&#8221;][et_pb_column type=&#8221;4_4&#8243; _builder_version=&#8221;4.27.4&#8243; _module_preset=&#8221;default&#8221; pac_dcm_carousel_specific_module_num=&#8221;0&#8243; global_colors_info=&#8221;{}&#8221;][et_pb_login title=&#8221;Logi oma kontole sisse&#8221; current_page_redirect=&#8221;on&#8221; _builder_version=&#8221;4.27.4&#8243; _module_preset=&#8221;default&#8221; form_field_background_color=&#8221;#FFFFFF&#8221; form_field_custom_margin=&#8221;2%||||false|false&#8221; form_field_custom_padding=&#8221;||||false|false&#8221; header_font=&#8221;Fields Display Bold|||on|||||&#8221; header_line_height=&#8221;1.9em&#8221; body_font=&#8221;DM Sans Variable|300|||||||&#8221; body_text_color=&#8221;#FFFFFF&#8221; form_field_font=&#8221;DM Sans Variable||||||||&#8221; form_field_font_size=&#8221;14px&#8221; body_link_font=&#8221;DM Sans Variable||||||||&#8221; body_link_text_color=&#8221;#d1d1d1&#8243; background_color=&#8221;#7c8568&#8243; custom_button=&#8221;on&#8221; button_text_size=&#8221;18px&#8221; button_text_color=&#8221;#35382d&#8221; button_bg_color=&#8221;#f2e8dc&#8221; button_border_width=&#8221;0px&#8221; button_border_color=&#8221;RGBA(255,255,255,0)&#8221; button_border_radius=&#8221;30px&#8221; button_letter_spacing=&#8221;2px&#8221; button_font=&#8221;DM Sans Variable|600||on|||||&#8221; button_use_icon=&#8221;off&#8221; custom_padding=&#8221;3%||0%|4%|false|false&#8221; hover_enabled=&#8221;0&#8243; form_field_font_tablet=&#8221;DM Sans Variable||||||||&#8221; form_field_font_phone=&#8221;DM Sans Variable||||||||&#8221; form_field_font_last_edited=&#8221;on|desktop&#8221; border_radii=&#8221;on|17px|17px|17px|17px&#8221; border_radii_fields=&#8221;on|9px|9px|9px|9px&#8221; global_colors_info=&#8221;{}&#8221; custom_padding_last_edited=&#8221;on|phone&#8221; custom_padding_phone=&#8221;8%|8%|12%|10%|false|false&#8221; sticky_enabled=&#8221;0&#8243; custom_padding_tablet=&#8221;3%||0%|4%|false|false&#8221;]<\/p>\n<ul>\n<li><strong>Vaata varasemaid tellimusi<\/strong><br \/>N\u00e4e kiiresti, mida oled varem tellinud<\/li>\n<li><strong>J\u00e4lgi tellimusi<\/strong><br \/>Kontrolli oma viimaste ostude staatust<\/li>\n<li><strong>Lihtsam kogemus<\/strong><br \/>S\u00e4\u00e4sta aega, hallates oma andmeid \u00fches kohas<\/li>\n<\/ul>\n<p>[\/et_pb_login][\/et_pb_column][\/et_pb_row][\/et_pb_section]<\/p>\n","protected":false},"excerpt":{"rendered":"<p>Logi oma kontole sisse Vaata varasemaid tellimusiN\u00e4e kiiresti, mida oled varem tellinud J\u00e4lgi tellimusiKontrolli oma viimaste ostude staatust Lihtsam kogemusS\u00e4\u00e4sta aega, hallates oma andmeid \u00fches kohas<\/p>\n","protected":false},"author":1,"featured_media":0,"parent":0,"menu_order":0,"comment_status":"closed","ping_status":"closed","template":"","meta":{"_et_pb_use_builder":"on","_et_pb_old_content":"","_et_gb_content_width":"","footnotes":""},"class_list":["post-251609","page","type-page","status-publish","hentry"],"aioseo_notices":[],"_links":{"self":[{"href":"https:\/\/colouredconfidence.com\/et\/wp-json\/wp\/v2\/pages\/251609","targetHints":{"allow":["GET"]}}],"collection":[{"href":"https:\/\/colouredconfidence.com\/et\/wp-json\/wp\/v2\/pages"}],"about":[{"href":"https:\/\/colouredconfidence.com\/et\/wp-json\/wp\/v2\/types\/page"}],"author":[{"embeddable":true,"href":"https:\/\/colouredconfidence.com\/et\/wp-json\/wp\/v2\/users\/1"}],"replies":[{"embeddable":true,"href":"https:\/\/colouredconfidence.com\/et\/wp-json\/wp\/v2\/comments?post=251609"}],"version-history":[{"count":2,"href":"https:\/\/colouredconfidence.com\/et\/wp-json\/wp\/v2\/pages\/251609\/revisions"}],"predecessor-version":[{"id":251611,"href":"https:\/\/colouredconfidence.com\/et\/wp-json\/wp\/v2\/pages\/251609\/revisions\/251611"}],"wp:attachment":[{"href":"https:\/\/colouredconfidence.com\/et\/wp-json\/wp\/v2\/media?parent=251609"}],"curies":[{"name":"wp","href":"https:\/\/api.w.org\/{rel}","templated":true}]}}